{"id":9,"date":"2024-03-13T19:39:37","date_gmt":"2024-03-13T19:39:37","guid":{"rendered":"http:\/\/parafia-czastary.pl\/?page_id=9"},"modified":"2024-03-26T18:19:10","modified_gmt":"2024-03-26T18:19:10","slug":"o-parafii","status":"publish","type":"page","link":"https:\/\/parafia-czastary.pl\/index.php\/o-parafii\/","title":{"rendered":"O parafii"},"content":{"rendered":"\n<div class=\"wp-block-columns gap-60 is-layout-flex wp-container-core-columns-is-layout-9d6595d7 wp-block-columns-is-layout-flex\">\n<div class=\"wp-block-column is-layout-flow wp-block-column-is-layout-flow\">\n<figure class=\"wp-block-image size-full\"><img loading=\"lazy\" decoding=\"async\" width=\"2560\" height=\"1920\" src=\"https:\/\/parafia-czastary.pl\/wp-content\/uploads\/2024\/03\/IMG_4261-scaled.jpg\" alt=\"\" class=\"wp-image-79\" srcset=\"https:\/\/parafia-czastary.pl\/wp-content\/uploads\/2024\/03\/IMG_4261-scaled.jpg 2560w, https:\/\/parafia-czastary.pl\/wp-content\/uploads\/2024\/03\/IMG_4261-300x225.jpg 300w, https:\/\/parafia-czastary.pl\/wp-content\/uploads\/2024\/03\/IMG_4261-1024x768.jpg 1024w, https:\/\/parafia-czastary.pl\/wp-content\/uploads\/2024\/03\/IMG_4261-768x576.jpg 768w, https:\/\/parafia-czastary.pl\/wp-content\/uploads\/2024\/03\/IMG_4261-1536x1152.jpg 1536w, https:\/\/parafia-czastary.pl\/wp-content\/uploads\/2024\/03\/IMG_4261-2048x1536.jpg 2048w, https:\/\/parafia-czastary.pl\/wp-content\/uploads\/2024\/03\/IMG_4261-1140x855.jpg 1140w\" sizes=\"auto, (max-width: 2560px) 100vw, 2560px\" \/><\/figure>\n\n\n\n<p><\/p>\n<\/div>\n\n\n\n<div class=\"wp-block-column is-layout-flow wp-block-column-is-layout-flow\">\n<h3 class=\"wp-block-heading has-text-align-center\"><strong>Parafia Narodzenia Naj\u015bwi\u0119tszej Maryi Panny w Czastarach<\/strong><\/h3>\n\n\n\n<h2 class=\"wp-block-heading\">Historia parafii<\/h2>\n\n\n\n<p>Najwcze\u015bniejsza wzmianka o parafii&nbsp;<a href=\"https:\/\/pl.wikipedia.org\/wiki\/Czastary\">Czastary<\/a>&nbsp;pochodzi z 1460 roku. Zawarta jest w akcie dotacyjnym wystawionym przez&nbsp;<a href=\"https:\/\/pl.wikipedia.org\/wiki\/Bona_Sforza\">Kr\u00f3low\u0105 Bon\u0119<\/a>&nbsp;dla&nbsp;<a href=\"https:\/\/pl.wikipedia.org\/wiki\/Parafia_%C5%9Bw._Miko%C5%82aja_w_Sokolnikach\">parafii Sokolniki<\/a>.<\/p>\n\n\n\n<p>Analiza s\u0142owotw\u00f3rcza wskazuje na to, \u017ce nazwa&nbsp;<em>Czastary<\/em>&nbsp;pierwotnie oznacza\u0142a ludzi-dr\u00f3\u017cnik\u00f3w, kt\u00f3rzy mieli piecze nad drogami. Z czasem przesz\u0142a ona na zamieszkiwan\u0105 przez nich osad\u0119. Czesi zachowali do dzi\u015b rzeczownik&nbsp;<em>cestar<\/em>&nbsp;(to znaczy dr\u00f3\u017cnik). A w\u0142a\u015bnie w Czastarach krzy\u017cowa\u0142 si\u0119 szlak biegn\u0105cy z p\u00f3\u0142nocy z Sokolnik na po\u0142udnie z drog\u0105 biegn\u0105c\u0105 z&nbsp;<a href=\"https:\/\/pl.wikipedia.org\/wiki\/Ziemia_wielu%C5%84ska\">kasztelanii rudzko-wielu\u0144skiej<\/a>&nbsp;do&nbsp;<a href=\"https:\/\/pl.wikipedia.org\/wiki\/Kalisz\">Kalisza<\/a>.<\/p>\n\n\n\n<p>Poniewa\u017c przyjmuje si\u0119, \u017ce osady zwane s\u0142u\u017cebnymi powstawa\u0142y w Polsce w XI-XII wieku do tego czasu nale\u017cy odnie\u015b\u0107 pocz\u0105tki Czastar, kt\u00f3re do 1795 roku by\u0142y wsi\u0105 kr\u00f3lewsk\u0105. W roku 1521 sporz\u0105dzony zosta\u0142 urz\u0119dowy opis parafii i ko\u015bcio\u0142a. Wizytacje z wieku XVIII wspominaj\u0105 o starym ko\u015bciele drewnianym pod wezwaniem Narodzenia NMP oraz o tym, \u017ce ko\u015bci\u00f3\u0142 ten w 1754 roku zosta\u0142 odbudowany przez ksi\u0119cia&nbsp;<a href=\"https:\/\/pl.wikipedia.org\/wiki\/Aleksander_J%C3%B3zef_Su%C5%82kowski\">Aleksandra Su\u0142kowskiego<\/a>. W ko\u015bciele tym by\u0142o pi\u0119\u0107 o\u0142tarzy, mi\u0119dzy innymi w po\u0142udniowej kaplicy z obrazem Narodzenia NMP, uwa\u017canym za s\u0142yn\u0105cy \u0142askami.<\/p>\n\n\n\n<p>Ko\u015bci\u00f3\u0142 ten w 1845 spali\u0142 si\u0119. Na jego miejscu zbudowany zosta\u0142 w 1847 roku obecny ko\u015bci\u00f3\u0142 murowany. Fundatorem by\u0142 w\u0142a\u015bciciel wsi&nbsp;<a href=\"https:\/\/pl.wikipedia.org\/wiki\/Parcice\">Parcice<\/a>&nbsp;Leopold Trepka po konwersji z&nbsp;<a href=\"https:\/\/pl.wikipedia.org\/wiki\/Kalwinizm\">kalwinizmu<\/a>&nbsp;na&nbsp;<a href=\"https:\/\/pl.wikipedia.org\/wiki\/Katolicyzm\">katolicyzm<\/a>. Ko\u015bci\u00f3\u0142 ten 11 pa\u017adziernika 1886 roku konsekrowa\u0142 biskup kujawski&nbsp;<a href=\"https:\/\/pl.wikipedia.org\/wiki\/Aleksander_Kazimierz_Bere%C5%9Bniewicz\">Aleksander Bere\u015bniewicz<\/a>. Odpust 8 wrze\u015bnia \u015bci\u0105ga\u0142 zawsze wielu wiernych, tak\u017ce z okolicznych parafii.<\/p>\n\n\n\n<p>W czasie&nbsp;<a href=\"https:\/\/pl.wikipedia.org\/wiki\/II_wojna_%C5%9Bwiatowa\">II wojny \u015bwiatowej<\/a>&nbsp;Niemcy zamienili ko\u015bci\u00f3\u0142 na spichlerz a zakrysti\u0119 na areszt. Obok \u015bwi\u0105tyni stoi murowana organist\u00f3wka z 1. po\u0142owy XX wieku, w kt\u00f3rej podczas&nbsp;<a href=\"https:\/\/pl.wikipedia.org\/wiki\/Okupacja_niemiecka_ziem_polskich_(1939%E2%80%931945)\">okupacji niemieckiej<\/a>&nbsp;by\u0142a siedziba posterunku&nbsp;<a href=\"https:\/\/pl.wikipedia.org\/wiki\/%C5%BBandarmeria_w_Generalnym_Gubernatorstwie\">\u017candarmerii<\/a>&nbsp;i miejsce ka\u017ani. \u0141a\u0144cuchy i kajdany przetrwa\u0142y do dzi\u015b i s\u0105 eksponowane we wn\u0119trzu \u015bwi\u0105tyni.<\/p>\n\n\n\n<p>Od 1939 r. proboszczem parafii by\u0142 ks. Boles\u0142aw Stradowski. 21 maja 1940 r. zosta\u0142 zastrzelony przez na plebanii przez Fritza Bednarowskiego, niemieckiego komendanta posterunku \u017candarmerii w Czastarach<sup><a href=\"https:\/\/pl.wikipedia.org\/wiki\/Parafia_Narodzenia_Naj%C5%9Bwi%C4%99tszej_Maryi_Panny_w_Czastarach#cite_note-2\">[1]<\/a><\/sup><sup><a href=\"https:\/\/pl.wikipedia.org\/wiki\/Parafia_Narodzenia_Naj%C5%9Bwi%C4%99tszej_Maryi_Panny_w_Czastarach#cite_note-3\">[2]<\/a><\/sup>.<\/p>\n\n\n\n<p>Do roku 1953 odpusty 8 wrze\u015bnia odbywa\u0142y si\u0119 bez wi\u0119kszych przeszk\u00f3d. W nast\u0119pnych latach w\u0142adze&nbsp;<a href=\"https:\/\/pl.wikipedia.org\/wiki\/Polska_Rzeczpospolita_Ludowa\">Polski Ludowej<\/a>&nbsp;utrudnia\u0142y wiernym przybycie do Czastar na odpust.<\/p>\n<\/div>\n<\/div>\n","protected":false},"excerpt":{"rendered":"<p>Parafia Narodzenia Naj\u015bwi\u0119tszej Maryi Panny w Czastarach Historia parafii Najwcze\u015bniejsza wzmianka o parafii&nbsp;Czastary&nbsp;pochodzi z<span class=\"more-dots\">&#8230;<\/span><\/p>\n","protected":false},"author":1,"featured_media":0,"parent":0,"menu_order":0,"comment_status":"closed","ping_status":"closed","template":"","meta":{"footnotes":""},"class_list":["post-9","page","type-page","status-publish","hentry","no-post-thumbnail"],"_links":{"self":[{"href":"https:\/\/parafia-czastary.pl\/index.php\/wp-json\/wp\/v2\/pages\/9","targetHints":{"allow":["GET"]}}],"collection":[{"href":"https:\/\/parafia-czastary.pl\/index.php\/wp-json\/wp\/v2\/pages"}],"about":[{"href":"https:\/\/parafia-czastary.pl\/index.php\/wp-json\/wp\/v2\/types\/page"}],"author":[{"embeddable":true,"href":"https:\/\/parafia-czastary.pl\/index.php\/wp-json\/wp\/v2\/users\/1"}],"replies":[{"embeddable":true,"href":"https:\/\/parafia-czastary.pl\/index.php\/wp-json\/wp\/v2\/comments?post=9"}],"version-history":[{"count":4,"href":"https:\/\/parafia-czastary.pl\/index.php\/wp-json\/wp\/v2\/pages\/9\/revisions"}],"predecessor-version":[{"id":80,"href":"https:\/\/parafia-czastary.pl\/index.php\/wp-json\/wp\/v2\/pages\/9\/revisions\/80"}],"wp:attachment":[{"href":"https:\/\/parafia-czastary.pl\/index.php\/wp-json\/wp\/v2\/media?parent=9"}],"curies":[{"name":"wp","href":"https:\/\/api.w.org\/{rel}","templated":true}]}}